{"id":7096,"date":"2018-10-17T09:12:14","date_gmt":"2018-10-17T07:12:14","guid":{"rendered":"https:\/\/2015-2018.ludocorpus.org\/?page_id=7096"},"modified":"2018-12-09T17:41:37","modified_gmt":"2018-12-09T16:41:37","slug":"appel-a-projets-gis-jeu-et-societes-2018-2019","status":"publish","type":"page","link":"https:\/\/2015-2018.ludocorpus.org\/en\/appel-a-projets-gis-jeu-et-societes-2018-2019\/","title":{"rendered":"(Fran\u00e7ais) Appel \u00e0 projets GIS &#8220;Jeu et Soci\u00e9t\u00e9s&#8221; (2018-2019)"},"content":{"rendered":"<p class=\"qtranxs-available-languages-message qtranxs-available-languages-message-en\">Sorry, this entry is only available in <a href=\"https:\/\/2015-2018.ludocorpus.org\/fr\/wp-json\/wp\/v2\/pages\/7096\" class=\"qtranxs-available-language-link qtranxs-available-language-link-fr\" title=\"Fran\u00e7ais\">Fran\u00e7ais<\/a>. For the sake of viewer convenience, the content is shown below in the alternative language. You may click the link to switch the active language.<\/p><p><img loading=\"lazy\" decoding=\"async\" class=\" wp-image-5786 aligncenter\" src=\"https:\/\/2015-2018.ludocorpus.org\/wp-content\/uploads\/2017\/11\/logo-gis-1-e1511903647966-222x300.png\" alt=\"logo-gis\" width=\"82\" height=\"111\" srcset=\"https:\/\/2015-2018.ludocorpus.org\/wp-content\/uploads\/2017\/11\/logo-gis-1-e1511903647966-222x300.png 222w, https:\/\/2015-2018.ludocorpus.org\/wp-content\/uploads\/2017\/11\/logo-gis-1-e1511903647966.png 261w\" sizes=\"auto, (max-width: 82px) 100vw, 82px\" \/><\/p>\n<h4 style=\"text-align: center;\"><span style=\"color: #775796;\"><strong>Appel \u00e0 projets GIS &#8220;Jeu et Soci\u00e9t\u00e9s&#8221; (2018-2019)<\/strong><\/span><\/h4>\n<p>&nbsp;<\/p>\n<p style=\"text-align: justify;\">Cr\u00e9\u00e9 en 2013 et soutenu par la FDJ, le Groupement d\u2019int\u00e9r\u00eat Scientifique \u2014 GIS \u2014 \u00ab\u2009Jeu et soci\u00e9t\u00e9s\u2009\u00bb r\u00e9unit les Universit\u00e9s Paris 13 SPC, Paris Nanterre, Paris Descartes et Paris Sorbonne. Son objectif\u2009est de regrouper des enseignants-chercheurs et des chercheurs dans les domaines des Lettres et des Sciences Humaines et Sociales (LSHS) pour leur permettre de mener des recherches et de diffuser des connaissances sur le ph\u00e9nom\u00e8ne du jeu et de ses enjeux. Ainsi, depuis 2013, gr\u00e2ce \u00e0 son p\u00f4le recherche-action, le GIS \u00ab\u2009Jeu et Soci\u00e9t\u00e9s\u2009\u00bb a-t-il<span class=\"Apple-converted-space\">\u00a0 <\/span>financ\u00e9\u00a0: <b>2<\/b> ouvrages, <b>6<\/b> colloques et <b>40<\/b> projets de recherche sur le jeu et ses enjeux.<\/p>\n<p style=\"text-align: justify;\">Cet automne, le GIS \u00ab\u2009Jeu et soci\u00e9t\u00e9s\u2009\u00bb lance la 5<sup>e<\/sup> \u00e9dition de son appel \u00e0 projets qui s\u2019ouvrira sur l\u2019<b>international. <\/b>Le Comit\u00e9 Scientifique du GIS \u00ab\u00a0Jeu et Soci\u00e9t\u00e9s\u00a0\u00bb entend privil\u00e9gier les projets \u00e0 vocation internationale : <b>terrains d&#8217;\u00e9tude \u00e9trangers<\/b> et\/ou <b>partenariats avec des institutions \u00e9trang\u00e8res de recherche et d&#8217;enseignement sup\u00e9rieur<\/b>, etc. Par ailleurs, l\u2019appel \u00e0 projets restera ouvert \u00e0 tous les sujets en lien avec le jeu.<span class=\"Apple-converted-space\">\u00a0<\/span><\/p>\n<p style=\"text-align: justify;\"><span style=\"color: #3366ff;\"><b>Nature et montant des subventions<\/b><\/span><\/p>\n<p style=\"text-align: justify;\">La convention constitutive du GIS pr\u00e9cise que les actions concern\u00e9es par les appels \u00e0 projets portent sur\u00a0: l\u2019aide \u00e0 la r\u00e9alisation de missions (contribution au financement de masters, doctorats, postdoc ou prise en charge de certains frais de recherche)\u2009; l\u2019aide au renforcement du lien entre la soci\u00e9t\u00e9 civile (associations, ludoth\u00e8ques&#8230;) et les lettres, sciences humaines et sociales\u2009; l\u2019aide \u00e0 la r\u00e9alisation de journ\u00e9es d\u2019\u00e9tude et\/ou colloques sur le jeu\u2009; l\u2019aide \u00e0 la traduction en langue \u00e9trang\u00e8re d\u2019articles sur le jeu (si lesdits articles ont d\u00e9j\u00e0 \u00e9t\u00e9 publi\u00e9s en France)\u2009; l\u2019aide \u00e0 l\u2019achat d\u2019\u00e9quipements (logiciels&#8230;).<span class=\"Apple-converted-space\">\u00a0<\/span><\/p>\n<p style=\"text-align: justify;\">Une subvention maximale de 4 000\u00a0euros pourra \u00eatre attribu\u00e9e par projet.<span class=\"Apple-converted-space\">\u00a0<\/span><\/p>\n<p style=\"text-align: justify;\"><span style=\"color: #3366ff;\"><b>D\u00e9p\u00f4t de candidature<\/b><\/span><\/p>\n<p style=\"text-align: left;\">T\u00e9l\u00e9chargement de l&#8217;Appel\u00a0: <a href=\"https:\/\/2015-2018.ludocorpus.org\/wp-content\/uploads\/2018\/10\/AAP_2018_2019.pdf\">ici<\/a><\/p>\n<p style=\"text-align: left;\">T\u00e9l\u00e9chargement du dossier\u00a0de candidature\u00a0:<br \/>\n<a href=\"https:\/\/2015-2018.ludocorpus.org\/fr\/dossier_de_candidature_2018_2019\/\">https:\/\/2015-2018.ludocorpus.org\/fr\/dossier_de_candidature_2018_2019\/<\/a><\/p>\n<p style=\"text-align: left;\">D\u00e9p\u00f4t de candidature\u00a0:<br \/>\n<a href=\"https:\/\/2015-2018.ludocorpus.org\/fr\/depot-de-candidature-2019\/\">https:\/\/2015-2018.ludocorpus.org\/fr\/depot-de-candidature-2019\/<\/a><\/p>\n<p style=\"text-align: left;\"><strong><span style=\"color: #ff0000;\">La date limite du d\u00e9p\u00f4t de candidature est report\u00e9e au dimanche 23 d\u00e9cembre 2018<\/span><span style=\"color: #ff0000;\">.<\/span><\/strong><\/p>\n<p style=\"text-align: left;\">Publication des r\u00e9sultats\u00a0: <b>mi-janvier 2019<\/b><\/p>\n<p><\/p>","protected":false},"excerpt":{"rendered":"<p>Sorry, this entry is only available in Fran\u00e7ais. For the sake of viewer convenience, the content is shown below in the alternative language. You may click the link to switch the active language. Appel \u00e0 projets GIS &#8220;Jeu et Soci\u00e9t\u00e9s&#8221; (2018-2019) &nbsp; Cr\u00e9\u00e9 en 2013 et soutenu par la FDJ, le Groupement d\u2019int\u00e9r\u00eat Scientifique \u2014 &hellip; <a href=\"https:\/\/2015-2018.ludocorpus.org\/en\/appel-a-projets-gis-jeu-et-societes-2018-2019\/\" class=\"more-link\">Continue reading <span class=\"screen-reader-text\">(Fran\u00e7ais) Appel \u00e0 projets GIS &#8220;Jeu et Soci\u00e9t\u00e9s&#8221; (2018-2019)<\/span> <span class=\"meta-nav\">&rarr;<\/span><\/a><\/p>\n","protected":false},"author":1,"featured_media":0,"parent":0,"menu_order":0,"comment_status":"closed","ping_status":"closed","template":"","meta":{"footnotes":""},"class_list":["post-7096","page","type-page","status-publish","hentry"],"_links":{"self":[{"href":"https:\/\/2015-2018.ludocorpus.org\/en\/wp-json\/wp\/v2\/pages\/7096","targetHints":{"allow":["GET"]}}],"collection":[{"href":"https:\/\/2015-2018.ludocorpus.org\/en\/wp-json\/wp\/v2\/pages"}],"about":[{"href":"https:\/\/2015-2018.ludocorpus.org\/en\/wp-json\/wp\/v2\/types\/page"}],"author":[{"embeddable":true,"href":"https:\/\/2015-2018.ludocorpus.org\/en\/wp-json\/wp\/v2\/users\/1"}],"replies":[{"embeddable":true,"href":"https:\/\/2015-2018.ludocorpus.org\/en\/wp-json\/wp\/v2\/comments?post=7096"}],"version-history":[{"count":0,"href":"https:\/\/2015-2018.ludocorpus.org\/en\/wp-json\/wp\/v2\/pages\/7096\/revisions"}],"wp:attachment":[{"href":"https:\/\/2015-2018.ludocorpus.org\/en\/wp-json\/wp\/v2\/media?parent=7096"}],"curies":[{"name":"wp","href":"https:\/\/api.w.org\/{rel}","templated":true}]}}