{"id":8212,"date":"2018-12-27T22:49:43","date_gmt":"2018-12-27T21:49:43","guid":{"rendered":"https:\/\/2015-2018.ludocorpus.org\/?page_id=8212"},"modified":"2018-12-27T22:49:43","modified_gmt":"2018-12-27T21:49:43","slug":"depot-des-rapports-appel-a-projets-du-gis-jeu-et-societes-2017-2018","status":"publish","type":"page","link":"https:\/\/2015-2018.ludocorpus.org\/en\/depot-des-rapports-appel-a-projets-du-gis-jeu-et-societes-2017-2018\/","title":{"rendered":"(Fran\u00e7ais) D\u00e9p\u00f4t des rapports (Appel \u00e0 projets du GIS &#8220;Jeu et Soci\u00e9t\u00e9s&#8221; 2017-2018)"},"content":{"rendered":"<p class=\"qtranxs-available-languages-message qtranxs-available-languages-message-en\">Sorry, this entry is only available in <a href=\"https:\/\/2015-2018.ludocorpus.org\/fr\/wp-json\/wp\/v2\/pages\/8212\" class=\"qtranxs-available-language-link qtranxs-available-language-link-fr\" title=\"Fran\u00e7ais\">Fran\u00e7ais<\/a>. For the sake of viewer convenience, the content is shown below in the alternative language. You may click the link to switch the active language.<\/p><p>[contact-form-7 id=&#8221;8211&#8243; title=&#8221;depot de rapports&#8221;]<\/p>","protected":false},"excerpt":{"rendered":"<p>Sorry, this entry is only available in Fran\u00e7ais. For the sake of viewer convenience, the content is shown below in the alternative language. You may click the link to switch the active language.[contact-form-7 id=&#8221;8211&#8243; title=&#8221;depot de rapports&#8221;]<\/p>\n","protected":false},"author":1,"featured_media":0,"parent":0,"menu_order":0,"comment_status":"closed","ping_status":"closed","template":"","meta":{"footnotes":""},"class_list":["post-8212","page","type-page","status-publish","hentry"],"_links":{"self":[{"href":"https:\/\/2015-2018.ludocorpus.org\/en\/wp-json\/wp\/v2\/pages\/8212","targetHints":{"allow":["GET"]}}],"collection":[{"href":"https:\/\/2015-2018.ludocorpus.org\/en\/wp-json\/wp\/v2\/pages"}],"about":[{"href":"https:\/\/2015-2018.ludocorpus.org\/en\/wp-json\/wp\/v2\/types\/page"}],"author":[{"embeddable":true,"href":"https:\/\/2015-2018.ludocorpus.org\/en\/wp-json\/wp\/v2\/users\/1"}],"replies":[{"embeddable":true,"href":"https:\/\/2015-2018.ludocorpus.org\/en\/wp-json\/wp\/v2\/comments?post=8212"}],"version-history":[{"count":0,"href":"https:\/\/2015-2018.ludocorpus.org\/en\/wp-json\/wp\/v2\/pages\/8212\/revisions"}],"wp:attachment":[{"href":"https:\/\/2015-2018.ludocorpus.org\/en\/wp-json\/wp\/v2\/media?parent=8212"}],"curies":[{"name":"wp","href":"https:\/\/api.w.org\/{rel}","templated":true}]}}