{"id":533,"date":"2015-09-28T09:02:53","date_gmt":"2015-09-28T09:02:53","guid":{"rendered":"http:\/\/www.maj.ludocorpus.org\/?page_id=533"},"modified":"2017-11-14T23:32:55","modified_gmt":"2017-11-14T22:32:55","slug":"533-2","status":"publish","type":"page","link":"https:\/\/2015-2018.ludocorpus.org\/fr\/533-2\/","title":{"rendered":"Les membres"},"content":{"rendered":"<p><span style=\"font-family: Arial; padding-left: 30px; font-size: normal;\">Cr\u00e9\u00e9 fin 2013, le Groupement d&rsquo;Int\u00e9r\u00eat Scientifique (GIS) \u00ab\u00a0Jeu et Soci\u00e9t\u00e9s\u00a0\u00bb r\u00e9unit les universit\u00e9s Paris 13, Paris Descartes, Paris Ouest-Nanterre la D\u00e9fense, Paris-Sorbonne et FDJ<sup>\u00ae<\/sup> :<\/span><\/p>\n<ul style=\"text-align: justify;\">\n<li><span style=\"font-family: Arial; font-size: normal;\"><a href=\"https:\/\/www.univ-paris13.fr\/\"><img loading=\"lazy\" decoding=\"async\" class=\"alignnone wp-image-436\" src=\"http:\/\/ludocorpus.org\/wp-content\/uploads\/2016\/01\/logoUP13-e1432106711624-1.jpg\" alt=\"\" width=\"80\" height=\"31\" \/><\/a>\u00a0Universit\u00e9 Paris 13-Sorbonne Paris Cit\u00e9 (UFR Lettres, Langues, Sciences de l&rsquo;Homme et des Soci\u00e9t\u00e9s)<br \/>\n<\/span><\/li>\n<li><span style=\"font-family: Arial; font-size: normal;\"><img loading=\"lazy\" decoding=\"async\" class=\"\" src=\"https:\/\/upload.wikimedia.org\/wikipedia\/fr\/d\/de\/Logo_Paris_Descartes.png\" width=\"63\" height=\"24\" \/>\u00a0Universit\u00e9 Paris Descartes (Laboratoire Cerisier-CNRS, Laboratoire de Psychopathologie et Processus de Sant\u00e9)<br \/>\n<\/span><\/li>\n<li><span style=\"font-family: Arial; font-size: normal;\"><a href=\"http:\/\/www.parisnanterre.fr\"><img loading=\"lazy\" decoding=\"async\" class=\"alignnone wp-image-5807\" src=\"https:\/\/2015-2018.ludocorpus.org\/wp-content\/uploads\/2015\/09\/logo_paris_nanterre_couleur_cmjn-300x64.jpg\" alt=\"logo_paris_nanterre_couleur_cmjn\" width=\"81\" height=\"17\" \/><\/a> Universit\u00e9 Paris Nanterre (Sciences psychologiques)<br \/>\n<\/span><\/li>\n<li><span style=\"font-family: Arial; font-size: normal;\"><a href=\"http:\/\/www.paris-sorbonne.fr\"><img loading=\"lazy\" decoding=\"async\" class=\"alignnone wp-image-5675\" src=\"https:\/\/2015-2018.ludocorpus.org\/wp-content\/uploads\/2015\/09\/Logo_officiel_de_lUniversit\u00e9_Paris-Sorbonne.png\" alt=\"Logo_officiel_de_l'Universit\u00e9_Paris-Sorbonne\" width=\"32\" height=\"33\" \/><\/a> Universit\u00e9 Paris-Sorbonne (UFR Litt\u00e9rature fran\u00e7aise et compar\u00e9e)<br \/>\n<\/span><\/li>\n<li><a href=\"https:\/\/www.fdj.fr\/\"><img loading=\"lazy\" decoding=\"async\" class=\"alignnone wp-image-246\" src=\"http:\/\/ludocorpus.org\/wp-content\/uploads\/2016\/01\/logo-fdj-e1430829632691.png\" alt=\"logo fdj\" width=\"56\" height=\"24\" \/><\/a> <span style=\"font-family: Arial; font-size: normal;\">Fran\u00e7aise des Jeux<sup>\u00ae<\/sup> : Parall\u00e8lement aux \u00e9tudes et aux recherches men\u00e9es par le monde scientifique et hospitalo-universitaire dans le domaine des addictions comportementales, FDJ<sup>\u00ae<\/sup> a souhait\u00e9 dynamiser les recherches acad\u00e9miques en Sciences Humaines et Sociales sur le th\u00e8me du jeu. Dans ce cadre, FDJ<sup>\u00ae<\/sup> soutient, par le biais de son programme Jeu Responsable, le GIS Jeu et Soci\u00e9t\u00e9s depuis sa cr\u00e9ation. Op\u00e9rateur public de jeux de hasard et d&rsquo;argent, FDJ<sup>\u00ae<\/sup> est surtout connu du grand public pour ses jeux (LOTO<sup>\u00ae<\/sup>, Euro Million My Million, jeux de grattage illiko<sup>\u00ae<\/sup>, paris sportifs&#8230;) et ses campagnes publicitaires. Son r\u00f4le de soutien \u00e0 la recherche dans le domaine du jeu d&rsquo;argent ou des jeux en g\u00e9n\u00e9ral est moins connu. Mais depuis de nombreuses ann\u00e9es, dans une d\u00e9marche de responsabilit\u00e9 soci\u00e9tale, FDJ<sup>\u00ae<\/sup> s&rsquo;engage \u00e0 faciliter le partage des connaissances et favoriser un d\u00e9bat \u00e9clair\u00e9 sur le ph\u00e9nom\u00e8ne social du jeu et du jeu d&rsquo;argent en particulier.<\/span><\/li>\n<\/ul>\n<p style=\"text-align: justify;\"><span style=\"font-family: Arial; padding-left: 30px; font-size: normal;\"> Le <b>Conseil Scientifique<\/b> du GIS \u00ab\u00a0Jeu et Soci\u00e9t\u00e9s\u00a0\u00bb oriente la politique scientifique du GIS, g\u00e8re les appels \u00e0 projets et s\u00e9lectionne les dossiers retenus. Il est compos\u00e9 des membres suivants : <\/span><\/p>\n<ul style=\"text-align: justify;\">\n<li><strong><span style=\"color: #3366ff; font-family: Arial;\">Elisabeth Belmas<\/span><\/strong><span style=\"color: #3366ff; font-family: Arial;\"> : <\/span><span style=\"font-family: Arial;\">professeur d&rsquo;histoire moderne \u00e0 l&rsquo;Universit\u00e9 Paris 13 &#8211; Sorbonne Paris Cit\u00e9, sp\u00e9cialiste du jeu et secr\u00e9taire g\u00e9n\u00e9rale du conseil scientifique du Forum \u00ab\u00a0Jeu et Soci\u00e9t\u00e9s\u00a0\u00bb de 2010 \u00e0 2013. Sp\u00e9cialiste de l&rsquo;Histoire des jeux, elle a notamment publi\u00e9 <em><a href=\"https:\/\/2015-2018.ludocorpus.org\/jouer-autrefois\/\">Jouer autrefois. Essai sur le jeu dans la France moderne<\/a><\/em>. Elle est \u00e9galement historienne de la sant\u00e9 et des maladies. Elle a notamment particip\u00e9 \u00e0 l&rsquo;expertise collective INSERM \u00ab\u00a0Jeux de hasard et d&rsquo;argent-contextes et addictions\u00a0\u00bb\u00a0 publi\u00e9e en juillet 2008.<\/span><\/li>\n<li><strong><span style=\"color: #3366ff; font-family: Arial;\">Jean-Michel Costes<\/span><\/strong> : <span style=\"font-family: Arial;\">sociologue et d\u00e9mographe, chef de bureau des statistiques hospitali\u00e8res au minist\u00e8re de la Sant\u00e9 en 1986, charg\u00e9 de mission \u00e0 la D\u00e9l\u00e9gation g\u00e9n\u00e9rale \u00e0 la lutte contre la drogue et la toxicomanie en 1993 et directeur de l\u2019Observatoire fran\u00e7ais des drogues et des toxicomanies de 1995 \u00e0 2011. Il est actuellement directeur des \u00e9tudes \u00e0 l\u2019Observatoire des jeux qui a pour mission d\u2019\u00e9tudier les jeux d&rsquo;argent et de hasard et leurs impacts sociaux.<\/span><\/li>\n<li id=\"dj\"><strong><span style=\"color: #3366ff; font-family: Arial;\">Dominique Desjeux<\/span><\/strong> : <span style=\"font-family: Arial;\">professeur d\u2019anthropologie sociale et culturelle \u00e0 la Sorbonne, &#8211; Universit\u00e9 Paris Descartes, Sorbonne Paris Cit\u00e9 -, et Pr\u00e9sident du conseil scientifique du Forum Jeu et Soci\u00e9t\u00e9s de 2010 \u00e0 2013. Il a men\u00e9 de tr\u00e8s nombreuses enqu\u00eates qualitatives sur la consommation, les processus de d\u00e9cision et les innovations en entreprises et dans la famille, en Europe, aux USA, en Chine, au Br\u00e9sil et en Afrique depuis 1969. Il est directeur du Dipl\u00f4me Doctoral Professionnel en sciences humaines et sociales qu&rsquo;il a cr\u00e9\u00e9 en 2007, premier doctorat professionnel en France appliqu\u00e9 aux SHS. Il est \u00e9galement consultant international et auteur de nombreux ouvrages.<\/span><\/li>\n<li id=\"dj\"><strong><span style=\"color: #3366ff; font-family: Arial;\">Bernard Franco<\/span><\/strong> : <span style=\"font-family: Arial;\">Professeur de Litt\u00e9rature g\u00e9n\u00e9rale et compar\u00e9e \u00e0 l\u2019Universit\u00e9 Paris-Sorbonne. Ses travaux portent sur les questions de dramaturgie dans les romantismes europ\u00e9ens, les transferts litt\u00e9raires franco- allemands, les relations entre litt\u00e9rature et esth\u00e9tique. Parmi ses principales publications figure Le Despotisme du go\u00fbt. D\u00e9bats sur le mod\u00e8le tragique allemand en France, 1797-1814 (G\u00f6ttingen, Wallstein, 2006).<\/span><\/li>\n<li><strong><span style=\"color: #3366ff; font-family: Arial;\">Pascale Gorguet-Ballesteros<\/span><\/strong> : <span style=\"font-family: Arial;\">conservateur au Mus\u00e9e Galliera sp\u00e9cialiste des v\u00eatements de jeu et de sport.<\/span><\/li>\n<li><strong><span style=\"color: #3366ff; font-family: Arial;\">Marie Jaisson<\/span><\/strong> : <span style=\"font-family: Arial;\">professeur des universit\u00e9s en sociologue de la sant\u00e9, Universit\u00e9 Paris 13 ; directrice \u2013adjointe de la Maison des Sciences de l\u2019Homme Paris-Nord<strong>.<\/strong><\/span><\/li>\n<li><strong><span style=\"color: #3366ff; font-family: Arial;\">Magali Lacousse <\/span><\/strong>:<span style=\"font-family: Arial;\"> dipl\u00f4m\u00e9e de l\u2019\u00c9cole des Chartes (archiviste-pal\u00e9ographe), conservateur en chef du patrimoine aux Archives nationales, adjointe au d\u00e9l\u00e9gu\u00e9 aux comm\u00e9morations nationales aux service interminist\u00e9riel des Archives de France.\u00a0<\/span><\/li>\n<li><strong><span style=\"color: #3366ff; font-family: Arial;\">Michel Manson<\/span><\/strong> : <span style=\"font-family: Arial;\">professeur \u00e9m\u00e9rite des universit\u00e9s en sciences de l\u2019\u00e9ducation \u00e0 l\u2019Universit\u00e9 Paris 13, historien de l\u2019enfant et de la culture enfantine \u00e0 partir de ses objets (jouets, livres, bonbons). Ancien pr\u00e9sident fondateur de l\u2019AFRELOCE (Association fran\u00e7aise de recherche sur les livres et objets culturels de l\u2019enfance), ancien directeur du Mus\u00e9e national de l\u2019\u00c9ducation de Rouen.<\/span><\/li>\n<li><strong><span style=\"color: #3366ff; font-family: Arial;\">Lucia Romo<\/span><\/strong> : <span style=\"font-family: Arial;\">psychologue clinicienne depuis 1988 et actuellement psychologue au Centre hospitalier (CMME). Membre de l&rsquo;Unit\u00e9 Inserm U894 Team 1 (exU675), Centre de Psychiatrie et Neurosciences (CPN). Elle a particip\u00e9 \u00e0 des expertises \u00e0 l&rsquo;INSERM, l&rsquo;HAS, l&rsquo;ARS et dans des comit\u00e9s de pilotages d&rsquo;\u00e9tudes\u00a0 pour l&rsquo;ODJ, la F\u00e9d\u00e9ration Addictions etc. Les th\u00e9matiques de recherche sont les addictions avec et sans substances, les dimensions de personnalit\u00e9 ainsi que l&rsquo;\u00e9valuation des prises en charge psychoth\u00e9rapeutiques. Elle est membre entre autres, de l&rsquo;Association Fran\u00e7aise de Th\u00e9rapie Comportementale et Cognitive (Commission d\u2019Enseignement) ; de l&rsquo;Association Francophone pour la Diffusion des Entretiens de Motivation et de la Soci\u00e9t\u00e9 M\u00e9dico-Psychologique.<\/span><\/li>\n<li><strong><span style=\"color: #3366ff; font-family: Arial;\">Isabelle Varescon<\/span><\/strong> : <span style=\"font-family: Arial;\">professeur en psychologie clinique et psychopathologie \u00e0 l&rsquo;universit\u00e9 Paris Descartes, directrice du Laboratoire Psychopathologie et Processus de Sant\u00e9 (LPPS). La th\u00e9matique principale de ses recherches est l\u2019\u00e9tude des facteurs de vuln\u00e9rabilit\u00e9 individuels et environnementaux au d\u00e9veloppement, au maintien et \u00e0 l\u2019arr\u00eat des addictions. Ses recherches portent sur les personnes jeunes adultes et adultes pr\u00e9sentant une addiction aux substances psychoactives ou une addiction sans substance (addictions comportementales).<\/span><\/li>\n<li><strong><span style=\"color: #3366ff; font-family: Arial;\">Juliette Vion-Dury <\/span><\/strong>: <span style=\"font-family: Arial;\">professeur de litt\u00e9rature g\u00e9n\u00e9rale et compar\u00e9e de l&rsquo;universit\u00e9 Paris 13-Sorbonne Paris Cit\u00e9. Membre de l&rsquo;\u00e9quipe d&rsquo;accueil Pl\u00e9iade, elle est assesseur \u00e0 la recherche de l&rsquo;UFR LLSHS et membre du Conseil d&rsquo;administration du Campus Condorcet.<\/span><\/li>\n<li><strong><span style=\"color: #3366ff; font-family: Arial;\">Thierry Wendling<\/span><\/strong> : <span style=\"font-family: Arial;\">charg\u00e9 de recherches au CNRS, ethnologue. Il est charg\u00e9 d\u2019enseignement \u00e0 l\u2019Institut d\u2019Ethnologie de l\u2019Universit\u00e9 de Neuch\u00e2tel, co-fondateur et co-directeur de la revue <em><a href=\"http:\/\/ethnographiques.org\">ethnographiques.org<\/a><\/em><\/span><\/li>\n<\/ul>\n<p><\/p>","protected":false},"excerpt":{"rendered":"<p>Cr\u00e9\u00e9 fin 2013, le Groupement d&rsquo;Int\u00e9r\u00eat Scientifique (GIS) \u00ab\u00a0Jeu et Soci\u00e9t\u00e9s\u00a0\u00bb r\u00e9unit les universit\u00e9s Paris 13, Paris Descartes, Paris Ouest-Nanterre la D\u00e9fense, Paris-Sorbonne et FDJ\u00ae : \u00a0Universit\u00e9 Paris 13-Sorbonne Paris Cit\u00e9 (UFR Lettres, Langues, Sciences de l&rsquo;Homme et des Soci\u00e9t\u00e9s) \u00a0Universit\u00e9 Paris Descartes (Laboratoire Cerisier-CNRS, Laboratoire de Psychopathologie et Processus de Sant\u00e9) Universit\u00e9 Paris Nanterre &hellip; <a href=\"https:\/\/2015-2018.ludocorpus.org\/fr\/533-2\/\" class=\"more-link\">Continuer la lecture de <span class=\"screen-reader-text\">Les membres<\/span>  <span class=\"meta-nav\">&rarr;<\/span><\/a><\/p>\n","protected":false},"author":1,"featured_media":0,"parent":0,"menu_order":0,"comment_status":"closed","ping_status":"closed","template":"","meta":{"footnotes":""},"class_list":["post-533","page","type-page","status-publish","hentry"],"_links":{"self":[{"href":"https:\/\/2015-2018.ludocorpus.org\/fr\/wp-json\/wp\/v2\/pages\/533","targetHints":{"allow":["GET"]}}],"collection":[{"href":"https:\/\/2015-2018.ludocorpus.org\/fr\/wp-json\/wp\/v2\/pages"}],"about":[{"href":"https:\/\/2015-2018.ludocorpus.org\/fr\/wp-json\/wp\/v2\/types\/page"}],"author":[{"embeddable":true,"href":"https:\/\/2015-2018.ludocorpus.org\/fr\/wp-json\/wp\/v2\/users\/1"}],"replies":[{"embeddable":true,"href":"https:\/\/2015-2018.ludocorpus.org\/fr\/wp-json\/wp\/v2\/comments?post=533"}],"version-history":[{"count":0,"href":"https:\/\/2015-2018.ludocorpus.org\/fr\/wp-json\/wp\/v2\/pages\/533\/revisions"}],"wp:attachment":[{"href":"https:\/\/2015-2018.ludocorpus.org\/fr\/wp-json\/wp\/v2\/media?parent=533"}],"curies":[{"name":"wp","href":"https:\/\/api.w.org\/{rel}","templated":true}]}}