{"id":539,"date":"2015-09-28T09:12:12","date_gmt":"2015-09-28T09:12:12","guid":{"rendered":"http:\/\/www.maj.ludocorpus.org\/?page_id=539"},"modified":"2017-11-14T23:17:42","modified_gmt":"2017-11-14T22:17:42","slug":"qui-sommes-nous-a","status":"publish","type":"page","link":"https:\/\/2015-2018.ludocorpus.org\/fr\/qui-sommes-nous-a\/","title":{"rendered":""},"content":{"rendered":"<p><\/p>\n<p style=\"text-align: justify;\"><img loading=\"lazy\" decoding=\"async\" class=\"wp-image-5890 aligncenter\" src=\"https:\/\/2015-2018.ludocorpus.org\/wp-content\/uploads\/2017\/11\/logo-nouveau-230x300.png\" alt=\"logo-nouveau\" width=\"104\" height=\"135\" srcset=\"https:\/\/2015-2018.ludocorpus.org\/wp-content\/uploads\/2017\/11\/logo-nouveau-230x300.png 230w, https:\/\/2015-2018.ludocorpus.org\/wp-content\/uploads\/2017\/11\/logo-nouveau.png 394w\" sizes=\"auto, (max-width: 104px) 100vw, 104px\" \/><span id=\"result_box\" class=\" wp-image-1826 aligncenter\" lang=\"en\"><\/span><\/p>\n<p style=\"text-align: justify;\">N\u00e9 en 2013, le Groupement d\u2019Int\u00e9r\u00eat\u00a0Scientifique (GIS) \u00ab Jeu et Soci\u00e9t\u00e9s \u00bb regroupe des enseignants-chercheurs et chercheurs des universit\u00e9s Paris Descartes, Paris 13-SPC,\u00a0Paris Nanterre et Paris-Sorbonne, sp\u00e9cialistes des questions li\u00e9es au jeu dans des approches pluridisciplinaires en Lettres, Sciences Humaines et Sociales (LSHS).<\/p>\n<p style=\"text-align: justify;\">L\u2019ambition du GIS est d\u2019attirer des chercheurs sur le th\u00e8me du jeu, de favoriser en toute ind\u00e9pendance un partage d\u2019informations au sein des acteurs acad\u00e9miques, de rendre accessibles leurs travaux, afin qu\u2019ils favorisent un d\u00e9bat public \u00e9clair\u00e9 sur <strong>le ph\u00e9nom\u00e8ne social du jeu<\/strong> <strong>et du jeu d\u2019argent en particulier<\/strong>.<\/p>\n<p style=\"text-align: justify;\">Le GIS b\u00e9n\u00e9ficie d\u2019une dotation de FDJ<sup>\u00ae<\/sup>, dans le cadre de son programme Jeu Responsable, \u00e0 hauteur de 343 000\u20ac r\u00e9partis sur 3 ans (2013-2016). La dotation est renouvel\u00e9e pour la p\u00e9riode 2017-2019.<\/p>\n<p style=\"text-align: justify;\">Le GIS est rattach\u00e9 au laboratoire Institut de Recherche Interdisciplinaire sur les enjeux Sociaux &#8211; IRIS (UMR 8156) CNRS &#8211; Inserm &#8211; EHESS, \u00e0 l&rsquo;UFR SMBH de l&rsquo;universit\u00e9 Paris 13.<\/p>\n<p style=\"text-align: justify; font-size: large;\"><strong>Pourquoi le GIS ?<\/strong><\/p>\n<p style=\"text-align: justify;\">Cr\u00e9\u00e9 en 2010, le Forum \u00ab\u00a0Jeu et Soci\u00e9t\u00e9s\u00a0\u00bb, qui liait les Universit\u00e9s de Paris Descartes et Paris 13, et la FDJ<sup>\u00ae<\/sup> (programme Jeu Responsable), avait pour objectif d\u2019encourager l\u2019\u00e9mergence d\u2019\u00e9tudes en LSHS, afin de mieux cerner les ph\u00e9nom\u00e8nes culturels, \u00e9conomiques et sociaux associ\u00e9s au secteur du jeu d\u2019argent mais aussi du jeu en g\u00e9n\u00e9ral. Les travaux du Forum \u00ab\u00a0Jeu et Soci\u00e9t\u00e9s\u00a0\u00bb ont contribu\u00e9 \u00e0 faire progresser la connaissance sur la fonction sociale du jeu de hasard et d\u2019argent ainsi que les pratiques ludiques contemporaines et leur \u00e9volution.<\/p>\n<p style=\"text-align: justify;\">L\u2019\u00e9tude du jeu dans sa globalit\u00e9 \u00e9tait relativement d\u00e9laiss\u00e9e par les LSHS, en dehors de quelques travaux de r\u00e9f\u00e9rence (histoire, litt\u00e9rature, sociologie, psychologie\u2026). Plus r\u00e9cemment l\u2019int\u00e9r\u00eat s\u2019est port\u00e9 sur les jeux vid\u00e9o ou encore sur les addictions.<\/p>\n<p style=\"text-align: justify;\">Le jeu occupe une part non n\u00e9gligeable dans nos vies : que traduit-il de nos besoins, de nos plaisirs et de nos attentes ? Comment \u00e9volue-t-il au cours des \u00e9poques ? Les jeux \u00e9ducatifs ou les jeux de hasard et d\u2019argent sont-ils des jeux comme les autres ? Le num\u00e9rique vient-il modifier les comportements ? Joue-t-on diff\u00e9remment dans les pays du Nord et du Sud ? Quelles sont les pratiques des jeux r\u00e9gionaux ? D\u00e9crypter les enjeux des diff\u00e9rentes pratiques ludiques d\u2019hier et d\u2019aujourd\u2019hui peut nous en apprendre beaucoup sur l\u2019Homme.<\/p>\n<p style=\"text-align: justify; font-size: large;\"><strong>Mission du GIS<\/strong><\/p>\n<p style=\"text-align: justify;\">Afin de d\u00e9velopper la dynamique \u00e0 l\u2019\u0153uvre dans le cadre du Forum \u00ab\u00a0Jeu et soci\u00e9t\u00e9s\u00a0\u00bb, le GIS a \u00e9t\u00e9 lanc\u00e9 fin 2013.<\/p>\n<p style=\"text-align: justify;\">Les objectifs scientifiques du GIS \u00ab Jeu et Soci\u00e9t\u00e9s \u00bb (2013-2016) sont centr\u00e9s autour de quatre grands axes :<\/p>\n<ul>\n<li style=\"text-align: justify;\">Favoriser l\u2019\u00e9mergence des LSHS dans le domaine du jeu et des soci\u00e9t\u00e9s, dont le jeu de hasard et d\u2019argent, en aidant les chercheurs et en privil\u00e9giant une approche pluridisciplinaire (droit, litt\u00e9rature, philosophie, histoire, g\u00e9ographie, sociologie, psychologie, anthropologie, etc.),<\/li>\n<li style=\"text-align: justify;\">S\u2019inscrire dans une logique de compl\u00e9mentarit\u00e9 de <a href=\"http:\/\/www.economie.gouv.fr\/observatoire-des-jeux\">l\u2019Observatoire des Jeux (ODJ)<\/a>,<\/li>\n<li style=\"text-align: justify;\">Concevoir un centre de ressources documentaires \u2013 scientifique et universitaire \u2013, repr\u00e9sentant la diversit\u00e9 des approches (th\u00e8ses, travaux divers, annonce de manifestations) sur le jeu, et, dans cette perspective, r\u00e9aliser la num\u00e9risation de corpus de textes th\u00e9oriques et critiques, d\u2019histoire litt\u00e9raire, d\u2019histoire des sciences dites dures, d\u2019histoire des sciences humaines et sociales. C\u2019est l\u2019objet de ce site accessible aux chercheurs et au grand public,<\/li>\n<li style=\"text-align: justify;\">Aider \u00e0 la vulgarisation des travaux innovants, de fa\u00e7on \u00e0 les rendre plus accessibles hors du champ universitaire.<\/li>\n<\/ul>\n<p>&nbsp;<\/p>\n<p><script>\/\/ <![CDATA[\n\/\/ < ![CDATA[\n\/\/ < ![CDATA[\n\/\/ < ![CDATA[\n\/\/ < ![CDATA[ (function(i,s,o,g,r,a,m){i['GoogleAnalyticsObject']=r;i[r]=i[r]||function(){ (i[r].q=i[r].q||[]).push(arguments)},i[r].l=1*new Date();a=s.createElement(o), m=s.getElementsByTagName(o)[0];a.async=1;a.src=g;m.parentNode.insertBefore(a,m) })(window,document,'script','\/\/www.google-analytics.com\/analytics.js','ga'); ga('create', 'UA-62994627-1', 'auto'); ga('send', 'pageview');\n\/\/ ]]><\/script><\/p>","protected":false},"excerpt":{"rendered":"<p>N\u00e9 en 2013, le Groupement d\u2019Int\u00e9r\u00eat\u00a0Scientifique (GIS) \u00ab Jeu et Soci\u00e9t\u00e9s \u00bb regroupe des enseignants-chercheurs et chercheurs des universit\u00e9s Paris Descartes, Paris 13-SPC,\u00a0Paris Nanterre et Paris-Sorbonne, sp\u00e9cialistes des questions li\u00e9es au jeu dans des approches pluridisciplinaires en Lettres, Sciences Humaines et Sociales (LSHS). L\u2019ambition du GIS est d\u2019attirer des chercheurs sur le th\u00e8me du jeu, &hellip; <a href=\"https:\/\/2015-2018.ludocorpus.org\/fr\/qui-sommes-nous-a\/\" class=\"more-link\">Continuer la lecture de <span class=\"screen-reader-text\"><\/span>  <span class=\"meta-nav\">&rarr;<\/span><\/a><\/p>\n","protected":false},"author":1,"featured_media":0,"parent":0,"menu_order":0,"comment_status":"closed","ping_status":"closed","template":"","meta":{"footnotes":""},"class_list":["post-539","page","type-page","status-publish","hentry"],"_links":{"self":[{"href":"https:\/\/2015-2018.ludocorpus.org\/fr\/wp-json\/wp\/v2\/pages\/539","targetHints":{"allow":["GET"]}}],"collection":[{"href":"https:\/\/2015-2018.ludocorpus.org\/fr\/wp-json\/wp\/v2\/pages"}],"about":[{"href":"https:\/\/2015-2018.ludocorpus.org\/fr\/wp-json\/wp\/v2\/types\/page"}],"author":[{"embeddable":true,"href":"https:\/\/2015-2018.ludocorpus.org\/fr\/wp-json\/wp\/v2\/users\/1"}],"replies":[{"embeddable":true,"href":"https:\/\/2015-2018.ludocorpus.org\/fr\/wp-json\/wp\/v2\/comments?post=539"}],"version-history":[{"count":0,"href":"https:\/\/2015-2018.ludocorpus.org\/fr\/wp-json\/wp\/v2\/pages\/539\/revisions"}],"wp:attachment":[{"href":"https:\/\/2015-2018.ludocorpus.org\/fr\/wp-json\/wp\/v2\/media?parent=539"}],"curies":[{"name":"wp","href":"https:\/\/api.w.org\/{rel}","templated":true}]}}