{"id":8212,"date":"2018-12-27T22:49:43","date_gmt":"2018-12-27T21:49:43","guid":{"rendered":"https:\/\/2015-2018.ludocorpus.org\/?page_id=8212"},"modified":"2018-12-27T22:49:43","modified_gmt":"2018-12-27T21:49:43","slug":"depot-des-rapports-appel-a-projets-du-gis-jeu-et-societes-2017-2018","status":"publish","type":"page","link":"https:\/\/2015-2018.ludocorpus.org\/fr\/depot-des-rapports-appel-a-projets-du-gis-jeu-et-societes-2017-2018\/","title":{"rendered":"D\u00e9p\u00f4t des rapports (Appel \u00e0 projets du GIS \u00ab\u00a0Jeu et Soci\u00e9t\u00e9s\u00a0\u00bb 2017-2018)"},"content":{"rendered":"<p>[contact-form-7 id=\u00a0\u00bb8211&Prime; title=\u00a0\u00bbdepot de rapports\u00a0\u00bb]<\/p>","protected":false},"excerpt":{"rendered":"<p>[contact-form-7 id=\u00a0\u00bb8211&Prime; title=\u00a0\u00bbdepot de rapports\u00a0\u00bb]<\/p>\n","protected":false},"author":1,"featured_media":0,"parent":0,"menu_order":0,"comment_status":"closed","ping_status":"closed","template":"","meta":{"footnotes":""},"class_list":["post-8212","page","type-page","status-publish","hentry"],"_links":{"self":[{"href":"https:\/\/2015-2018.ludocorpus.org\/fr\/wp-json\/wp\/v2\/pages\/8212","targetHints":{"allow":["GET"]}}],"collection":[{"href":"https:\/\/2015-2018.ludocorpus.org\/fr\/wp-json\/wp\/v2\/pages"}],"about":[{"href":"https:\/\/2015-2018.ludocorpus.org\/fr\/wp-json\/wp\/v2\/types\/page"}],"author":[{"embeddable":true,"href":"https:\/\/2015-2018.ludocorpus.org\/fr\/wp-json\/wp\/v2\/users\/1"}],"replies":[{"embeddable":true,"href":"https:\/\/2015-2018.ludocorpus.org\/fr\/wp-json\/wp\/v2\/comments?post=8212"}],"version-history":[{"count":0,"href":"https:\/\/2015-2018.ludocorpus.org\/fr\/wp-json\/wp\/v2\/pages\/8212\/revisions"}],"wp:attachment":[{"href":"https:\/\/2015-2018.ludocorpus.org\/fr\/wp-json\/wp\/v2\/media?parent=8212"}],"curies":[{"name":"wp","href":"https:\/\/api.w.org\/{rel}","templated":true}]}}