{"id":4037,"date":"2016-07-17T19:11:23","date_gmt":"2016-07-17T17:11:23","guid":{"rendered":"https:\/\/2015-2018.ludocorpus.org\/?page_id=4037"},"modified":"2017-11-14T23:15:42","modified_gmt":"2017-11-14T22:15:42","slug":"portail","status":"publish","type":"page","link":"https:\/\/2015-2018.ludocorpus.org\/zh\/portail\/","title":{"rendered":""},"content":{"rendered":"<p><center><span style=\"font-family: arial; padding-left: 30px; font-size: normal;\"><img loading=\"lazy\" decoding=\"async\" class=\"alignnone wp-image-5919\" src=\"https:\/\/2015-2018.ludocorpus.org\/wp-content\/uploads\/2016\/07\/logo-ludocorpus-205x300.png\" alt=\"logo-ludocorpus\" width=\"104\" height=\"152\" \/>\u00a0<\/span><\/center><\/p>\n<p style=\"text-align: justify;\">\n<p style=\"text-align: justify;\"><span style=\"font-family: arial; padding-left: 30px; font-size: normal;\">Le site <strong>ludocorpus.org<\/strong> est une plateforme num\u00e9rique pilot\u00e9e par le Groupement d&#8217;int\u00e9r\u00eat Scientifique (GIS) &#8220;Jeu et soci\u00e9t\u00e9s&#8221; : num\u00e9risation de corpus de textes th\u00e9oriques et critiques, d\u2019histoire litt\u00e9raire, d\u2019histoire des sciences dites dures, d\u2019histoire des sciences humaines et sociales, concernant le(s) jeu(x). Ces corpus interdisciplinaires feront l\u2019objet d\u2019une r\u00e9flexion \u00e9pist\u00e9mologique et \u00e9thique, leur num\u00e9risation sera indissociable d\u2019une r\u00e9flexion sur les outils d\u2019analyse informatique, ontologies, cartographies, alignement de textes, \u00e9tablissement de topiques argumentatives. <\/span><\/p>\n<p style=\"text-align: justify;\"><span style=\"font-family: arial; padding-left: 30px; font-size: normal;\">Ce site a aussi pour objectif de rassembler et relayer les informations concernant les manifestations scientifiques et les \u00e9v\u00e9nements sociaux sur le jeu. Il se veut \u00eatre la plateforme de collecte, de diffusion et d&#8217;archivage des informations dans le domaine. <\/span><\/p>\n<p style=\"text-align: justify;\"><span style=\"font-family: arial; padding-left: 30px; font-size: normal;\">La cr\u00e9ation du site permet \u00e0 la fois de pr\u00e9senter des travaux de recherche acad\u00e9mique et de favoriser leur diffusion. Le site <strong>ludocorpus.org<\/strong>, sur proposition du Conseil Scientifique, peut servir de tremplin aux travaux des laboratoires et des universit\u00e9s susceptibles d\u2019int\u00e9resser les cibles institutionnelles ou grand public.<\/span><\/p>\n","protected":false},"excerpt":{"rendered":"<p>\u00a0 Le site ludocorpus.org est une plateforme num\u00e9rique p &hellip; <a href=\"https:\/\/2015-2018.ludocorpus.org\/zh\/portail\/\" class=\"more-link\">\u7ee7\u7eed\u9605\u8bfb<span class=\"screen-reader-text\"><\/span> <span class=\"meta-nav\">&rarr;<\/span><\/a><\/p>\n","protected":false},"author":1,"featured_media":0,"parent":0,"menu_order":0,"comment_status":"closed","ping_status":"closed","template":"","meta":{"footnotes":""},"class_list":["post-4037","page","type-page","status-publish","hentry"],"_links":{"self":[{"href":"https:\/\/2015-2018.ludocorpus.org\/zh\/wp-json\/wp\/v2\/pages\/4037","targetHints":{"allow":["GET"]}}],"collection":[{"href":"https:\/\/2015-2018.ludocorpus.org\/zh\/wp-json\/wp\/v2\/pages"}],"about":[{"href":"https:\/\/2015-2018.ludocorpus.org\/zh\/wp-json\/wp\/v2\/types\/page"}],"author":[{"embeddable":true,"href":"https:\/\/2015-2018.ludocorpus.org\/zh\/wp-json\/wp\/v2\/users\/1"}],"replies":[{"embeddable":true,"href":"https:\/\/2015-2018.ludocorpus.org\/zh\/wp-json\/wp\/v2\/comments?post=4037"}],"version-history":[{"count":0,"href":"https:\/\/2015-2018.ludocorpus.org\/zh\/wp-json\/wp\/v2\/pages\/4037\/revisions"}],"wp:attachment":[{"href":"https:\/\/2015-2018.ludocorpus.org\/zh\/wp-json\/wp\/v2\/media?parent=4037"}],"curies":[{"name":"wp","href":"https:\/\/api.w.org\/{rel}","templated":true}]}}