{"id":8683,"date":"2019-01-30T17:27:51","date_gmt":"2019-01-30T16:27:51","guid":{"rendered":"https:\/\/2015-2018.ludocorpus.org\/?page_id=8683"},"modified":"2019-05-14T21:26:35","modified_gmt":"2019-05-14T19:26:35","slug":"laureats2019","status":"publish","type":"page","link":"https:\/\/2015-2018.ludocorpus.org\/zh\/","title":{"rendered":""},"content":{"rendered":"<p><img loading=\"lazy\" decoding=\"async\" class=\" wp-image-5786 aligncenter\" src=\"https:\/\/2015-2018.ludocorpus.org\/wp-content\/uploads\/2017\/11\/logo-gis-1-e1511903647966-222x300.png\" alt=\"logo-gis\" width=\"82\" height=\"111\" srcset=\"https:\/\/2015-2018.ludocorpus.org\/wp-content\/uploads\/2017\/11\/logo-gis-1-e1511903647966-222x300.png 222w, https:\/\/2015-2018.ludocorpus.org\/wp-content\/uploads\/2017\/11\/logo-gis-1-e1511903647966.png 261w\" sizes=\"auto, (max-width: 82px) 100vw, 82px\" \/><\/p>\n<h4>Les r\u00e9sultats de l&#8217;<a href=\"https:\/\/2015-2018.ludocorpus.org\/appel-a-projets-gis-jeu-et-societes-2018-2019-2\/\">Appel \u00e0 projets du GIS &#8220;Jeu et Soci\u00e9t\u00e9s&#8221; 2019<\/a> sont d\u00e9sormais accessibles\u00a0<strong><a href=\"https:\/\/2015-2018.ludocorpus.org\/wp-content\/uploads\/2019\/01\/LAUREATS-2019.pdf\">ici<\/a><\/strong>.<\/h4>\n","protected":false},"excerpt":{"rendered":"<p>Les r\u00e9sultats de l&#8217;Appel \u00e0 projets du GIS &#8220; &hellip; <a href=\"https:\/\/2015-2018.ludocorpus.org\/zh\/\" class=\"more-link\">\u7ee7\u7eed\u9605\u8bfb<span class=\"screen-reader-text\"><\/span> <span class=\"meta-nav\">&rarr;<\/span><\/a><\/p>\n","protected":false},"author":1,"featured_media":0,"parent":0,"menu_order":0,"comment_status":"closed","ping_status":"closed","template":"","meta":{"footnotes":""},"class_list":["post-8683","page","type-page","status-publish","hentry"],"_links":{"self":[{"href":"https:\/\/2015-2018.ludocorpus.org\/zh\/wp-json\/wp\/v2\/pages\/8683","targetHints":{"allow":["GET"]}}],"collection":[{"href":"https:\/\/2015-2018.ludocorpus.org\/zh\/wp-json\/wp\/v2\/pages"}],"about":[{"href":"https:\/\/2015-2018.ludocorpus.org\/zh\/wp-json\/wp\/v2\/types\/page"}],"author":[{"embeddable":true,"href":"https:\/\/2015-2018.ludocorpus.org\/zh\/wp-json\/wp\/v2\/users\/1"}],"replies":[{"embeddable":true,"href":"https:\/\/2015-2018.ludocorpus.org\/zh\/wp-json\/wp\/v2\/comments?post=8683"}],"version-history":[{"count":0,"href":"https:\/\/2015-2018.ludocorpus.org\/zh\/wp-json\/wp\/v2\/pages\/8683\/revisions"}],"wp:attachment":[{"href":"https:\/\/2015-2018.ludocorpus.org\/zh\/wp-json\/wp\/v2\/media?parent=8683"}],"curies":[{"name":"wp","href":"https:\/\/api.w.org\/{rel}","templated":true}]}}